{"id":326,"date":"2025-06-27T11:16:21","date_gmt":"2025-06-27T09:16:21","guid":{"rendered":"http:\/\/www.bimbamondosmi.com\/wp2025\/?page_id=326"},"modified":"2025-07-01T10:29:23","modified_gmt":"2025-07-01T08:29:23","slug":"storia","status":"publish","type":"page","link":"http:\/\/www.bimbamondosmi.com\/wp2025\/storia\/","title":{"rendered":"Storia"},"content":{"rendered":"<div class=\"wpb-content-wrapper\"><p>[vc_row css_animation=&#8221;&#8221; row_type=&#8221;row&#8221; use_row_as_full_screen_section=&#8221;no&#8221; type=&#8221;full_width&#8221; angled_section=&#8221;no&#8221; text_align=&#8221;left&#8221; background_image_as_pattern=&#8221;without_pattern&#8221; z_index=&#8221;&#8221;][vc_column][vc_single_image image=&#8221;652&#8243; img_size=&#8221;full&#8221; alignment=&#8221;center&#8221; css=&#8221;&#8221; qode_css_animation=&#8221;&#8221;][vc_empty_space height=&#8221;20px&#8221;][\/vc_column][\/vc_row][vc_row css_animation=&#8221;&#8221; row_type=&#8221;row&#8221; use_row_as_full_screen_section=&#8221;no&#8221; type=&#8221;full_width&#8221; angled_section=&#8221;no&#8221; text_align=&#8221;left&#8221; background_image_as_pattern=&#8221;without_pattern&#8221;][vc_column][vc_empty_space height=&#8221;20px&#8221;][vc_column_text css=&#8221;&#8221;]<\/p>\n<h2 style=\"text-align: center;\">La nostra storia<\/h2>\n<p>[\/vc_column_text][vc_empty_space height=&#8221;20px&#8221;][vc_row_inner row_type=&#8221;row&#8221; type=&#8221;grid&#8221; text_align=&#8221;left&#8221; css_animation=&#8221;&#8221;][vc_column_inner width=&#8221;1\/3&#8243;][vc_column_text css=&#8221;&#8221;]<\/p>\n<p class=\"testo\">Nello Sri Lanka, dietro al sorriso dei suoi abitanti, si nasconde una profonda sofferenza causata dal devastante maremoto del dicembre 2004 e dall&#8217;infinito conflitto etnico tra maggiornaza cingalese (buddista) e tamil (ind\u00f9), del quale \u00e8 difficile ipotizzare una conclusione. Infatti il cessate il fuoco stabilito nel 2002 tra l&#8217;esercito ed i separatisti delle Tigri per la Liberazione della Patria Tamil non \u00e8 stato rispettato da nessuna delle due parti, portando cos\u00ec ad un continuo aumento di morti e profughi. Questa guerra civile ha spezzato generazioni, a partire dalle bambine, traumatizzate dal conflitto.<\/p>\n<p>[\/vc_column_text][\/vc_column_inner][vc_column_inner width=&#8221;1\/3&#8243;][vc_column_text css=&#8221;&#8221;]<\/p>\n<p class=\"testo\">La nostra missione \u00e8 dare un tetto alle oltre 135 bimbe orfane.<\/p>\n<p class=\"testo\">La Madre Superiora Amatha insieme ad altre suore e novizie, accudisce le bambine orfane da zero a 13 anni. Dal 2002 hanno trasformato le loro vecchie case-convento in piccole case di accoglienza.<br \/>\nLa loro bont\u00e0 ha fatto in modo di ospitare pi\u00f9 bambine rispetto alla capienza. Ogni settimana arrivano bambine con storie allucinanti, ma la cosa pi\u00f9 drammatica \u00e8 che le suore ogni sera mandano a dormire in giadino le orfane pi\u00f9 grandi (quasi una trentina) perch\u00e8 nella piccola casa non c&#8217;\u00e8 pi\u00f9 spazio per dormire.<br \/>\nUn lavoro davvero difficile per le suore che, per il convento non ricevono alcun sostentamento dall&#8217;estero o dalla Chiesa. Le condizioni igieniche erano davvero spaventose.<\/p>\n<p>[\/vc_column_text][\/vc_column_inner][vc_column_inner width=&#8221;1\/3&#8243;][vc_column_text css=&#8221;&#8221;]<\/p>\n<p class=\"testo\">Gabriele Baruzzi sta seguendo passo passo il lavoro fatto dalle Suore che si stanno prendendo cura di queste piccole orfane nel convento di Kelaniya. L&#8217;avventura \u00e8 potuta iniziare grazie al vescovo di Colombo, Oswald Gomis che ha donato alle suore il terreno dove poter costruire il nuovo orfanotrofio.<\/p>\n<p class=\"testo\">Abbiamo bisogno di tutti voi, soprattutto le bambine che possono anche essere addottate a distanza e si possono andare a trovare in ogni momento.<\/p>\n<p>[\/vc_column_text][\/vc_column_inner][\/vc_row_inner][vc_empty_space height=&#8221;20px&#8221;][\/vc_column][\/vc_row]<\/p>\n<\/div>","protected":false},"excerpt":{"rendered":"<p>[vc_row css_animation=&#8221;&#8221; row_type=&#8221;row&#8221; use_row_as_full_screen_section=&#8221;no&#8221; type=&#8221;full_width&#8221; angled_section=&#8221;no&#8221; text_align=&#8221;left&#8221; background_image_as_pattern=&#8221;without_pattern&#8221; z_index=&#8221;&#8221;][vc_column][vc_single_image image=&#8221;652&#8243; img_size=&#8221;full&#8221; alignment=&#8221;center&#8221; css=&#8221;&#8221; qode_css_animation=&#8221;&#8221;][vc_empty_space height=&#8221;20px&#8221;][\/vc_column][\/vc_row][vc_row css_animation=&#8221;&#8221; row_type=&#8221;row&#8221; use_row_as_full_screen_section=&#8221;no&#8221; type=&#8221;full_width&#8221; angled_section=&#8221;no&#8221; text_align=&#8221;left&#8221; background_image_as_pattern=&#8221;without_pattern&#8221;][vc_column][vc_empty_space height=&#8221;20px&#8221;][vc_column_text css=&#8221;&#8221;] La nostra storia [\/vc_column_text][vc_empty_space height=&#8221;20px&#8221;][vc_row_inner row_type=&#8221;row&#8221; type=&#8221;grid&#8221; text_align=&#8221;left&#8221; css_animation=&#8221;&#8221;][vc_column_inner width=&#8221;1\/3&#8243;][vc_column_text css=&#8221;&#8221;] Nello Sri Lanka, dietro al sorriso dei suoi abitanti, si&#8230;<\/p>\n","protected":false},"author":1,"featured_media":0,"parent":0,"menu_order":0,"comment_status":"closed","ping_status":"closed","template":"full_width.php","meta":{"footnotes":""},"class_list":["post-326","page","type-page","status-publish","hentry"],"_links":{"self":[{"href":"http:\/\/www.bimbamondosmi.com\/wp2025\/wp-json\/wp\/v2\/pages\/326","targetHints":{"allow":["GET"]}}],"collection":[{"href":"http:\/\/www.bimbamondosmi.com\/wp2025\/wp-json\/wp\/v2\/pages"}],"about":[{"href":"http:\/\/www.bimbamondosmi.com\/wp2025\/wp-json\/wp\/v2\/types\/page"}],"author":[{"embeddable":true,"href":"http:\/\/www.bimbamondosmi.com\/wp2025\/wp-json\/wp\/v2\/users\/1"}],"replies":[{"embeddable":true,"href":"http:\/\/www.bimbamondosmi.com\/wp2025\/wp-json\/wp\/v2\/comments?post=326"}],"version-history":[{"count":9,"href":"http:\/\/www.bimbamondosmi.com\/wp2025\/wp-json\/wp\/v2\/pages\/326\/revisions"}],"predecessor-version":[{"id":653,"href":"http:\/\/www.bimbamondosmi.com\/wp2025\/wp-json\/wp\/v2\/pages\/326\/revisions\/653"}],"wp:attachment":[{"href":"http:\/\/www.bimbamondosmi.com\/wp2025\/wp-json\/wp\/v2\/media?parent=326"}],"curies":[{"name":"wp","href":"https:\/\/api.w.org\/{rel}","templated":true}]}}